{"id":1592,"date":"2017-03-14T13:22:37","date_gmt":"2017-03-14T12:22:37","guid":{"rendered":"https:\/\/www.hoyez.com\/certifications\/"},"modified":"2021-12-16T16:51:01","modified_gmt":"2021-12-16T15:51:01","slug":"certyfikaty","status":"publish","type":"page","link":"https:\/\/www.hoyez.com\/pl\/certyfikaty\/","title":{"rendered":"Certyfikaty"},"content":{"rendered":"<section class=\"wpb-content-wrapper\"><p>[vc_row][vc_column][vc_column_text]<\/p>\n<h1>Certyfikaty<\/h1>\n<p>Nasze produkty zosta\u0142y zaplanowane i zaprojektowane tak, aby gwarantowa\u0107 estetyczne rozwi\u0105zania techniczne, zapewniaj\u0105ce optymalne bezpiecze\u0144stwo podczas monta\u017cu i u\u017cywania.[\/vc_column_text][\/vc_column][\/vc_row][vc_row css=&#8221;.vc_custom_1499268819331{background-color: #ffffff !important;}&#8221;][vc_column width=&#8221;1\/2&#8243;][vc_column_text]<\/p>\n<h2>CERFF<\/h2>\n<p>Po zaliczeniu odpowiednich, obowi\u0105zuj\u0105cych<br \/>\ntestow mechanicznych i akustycznych, \u015bcianki uzyska\u0142y aprobaty francuskiego CERFF oraz polskiego ITB.[\/vc_column_text][vc_column_text]1. Mo\u017cliwo\u015b\u0107 demonta\u017cu i przeniesienia<br \/>\n2. Stabilno\u015b\u0107 przy uderzeniach, bezpiecze\u0144stwo u\u017cytkowania i trwa\u0142o\u015b\u0107<br \/>\n3. Stabilno\u015b\u0107 przy nacisku w poziomie<br \/>\n4. Wytrzyma\u0142o\u015b\u0107<br \/>\n5. Izolacja akustyczna<br \/>\n6. Stabilno\u015b\u0107 przy przeci\u0105\u017ceniach pionowych[\/vc_column_text][vc_column_text]<\/p>\n<ul>\n<li><a href=\"http:\/\/hoyez.local\/pl\/solutions\/scianki-biurowe\/scianki-h5\/h5-scianka\/\">H5 Standard<\/a><\/li>\n<li><a href=\"http:\/\/hoyez.local\/pl\/solutions\/scianki-biurowe\/scianki-h5\/h5jc-scianka\/\">H5 Joint-Creux<\/a><\/li>\n<li><a href=\"http:\/\/hoyez.local\/pl\/solutions\/scianki-biurowe\/h7-scianki\/h7-scianka\/\">H7 Standard<\/a><\/li>\n<li><a href=\"http:\/\/hoyez.local\/pl\/solutions\/scianki-biurowe\/h7-scianki\/h7b-scianka\/\" target=\"_blank\" rel=\"noopener noreferrer\">H7B<\/a><\/li>\n<li><a href=\"http:\/\/hoyez.local\/pl\/solutions\/scianki-biurowe\/h7-scianki\/h7sw-scianka\/\">H7 Smart-Wall\u00a0<\/a><\/li>\n<li><a href=\"http:\/\/hoyez.local\/pl\/solutions\/scianki-biurowe\/scianki-h9\/h9-scianka\/\" target=\"_blank\" rel=\"noopener noreferrer\">H9 Standard<\/a><\/li>\n<li><a href=\"http:\/\/hoyez.local\/pl\/solutions\/scianki-biurowe\/scianki-h9\/h9b-scianka\/\" target=\"_blank\" rel=\"noopener noreferrer\">H9B<\/a><\/li>\n<\/ul>\n<p>[\/vc_column_text][vc_single_image image=&#8221;2916&#8243; img_size=&#8221;medium&#8221; alignment=&#8221;center&#8221;][\/vc_column][vc_column width=&#8221;1\/2&#8243;][vc_empty_space height=&#8221;30&#8243;][vc_single_image image=&#8221;2928&#8243; img_size=&#8221;large&#8221; alignment=&#8221;center&#8221;][\/vc_column][\/vc_row][vc_row css=&#8221;.vc_custom_1499268808143{background-color: #efefef !important;}&#8221;][vc_column width=&#8221;1\/2&#8243;][vc_empty_space height=&#8221;10px&#8221;][vc_empty_space height=&#8221;20px&#8221;][vc_single_image image=&#8221;2373&#8243; img_size=&#8221;full&#8221;][\/vc_column][vc_column width=&#8221;1\/2&#8243;][vc_empty_space height=&#8221;10px&#8221;][vc_column_text]<\/p>\n<h2>Balustrada<\/h2>\n<p>\u015acianka dzia\u0142owa mo\u017ce zosta\u0107 zamontowana na brzegu antresoli lub schod\u00f3w, aby zapewni\u0107 ochron\u0119.<\/p>\n<p>Takie rozwi\u0105zanie zosta\u0142o zatwierdzone technicznie przez CERFF.<\/p>\n<p>Certyfikowane balustrady:[\/vc_column_text][\/vc_column][vc_column width=&#8221;1\/4&#8243;][vc_column_text]<\/p>\n<ul>\n<li><a href=\"http:\/\/hoyez.local\/pl\/solutions\/scianki-biurowe\/ht-scianka\/\" target=\"_blank\" rel=\"noopener noreferrer\">H Transparence<\/a><\/li>\n<li><a href=\"http:\/\/hoyez.local\/pl\/solutions\/scianki-biurowe\/h7-scianki\/h7t-scianka\/\">H7 Transparence<\/a><\/li>\n<li><a href=\"http:\/\/hoyez.local\/pl\/solutions\/scianki-biurowe\/h7-scianki\/h7sw-scianka\/\">H7 Smart-Wall\u00a0<\/a><\/li>\n<li><a href=\"http:\/\/hoyez.local\/pl\/solutions\/scianki-biurowe\/scianki-h5\/h5-scianka\/\">H5 Standard<\/a><\/li>\n<li><a href=\"http:\/\/hoyez.local\/pl\/solutions\/scianki-biurowe\/h7-scianki\/h7-scianka\/\">H7 Standard<\/a><\/li>\n<li><a href=\"http:\/\/hoyez.local\/pl\/solutions\/scianki-biurowe\/scianki-h9\/h9-scianka\/\" target=\"_blank\" rel=\"noopener noreferrer\">H9 Standard\u00a0<\/a><\/li>\n<\/ul>\n<p>[\/vc_column_text][\/vc_column][vc_column width=&#8221;1\/4&#8243;][vc_column_text]<\/p>\n<ul>\n<li><a href=\"http:\/\/hoyez.local\/pl\/solutions\/scianki-przemyslowe\/scianka-przemyslowa-h5\/\">H5 Industrielle<\/a><\/li>\n<li><a href=\"http:\/\/hoyez.local\/pl\/solutions\/scianki-przemyslowe\/scianka-przemyslowa-h7\/\">H7 Industrielle<\/a><\/li>\n<li><a href=\"http:\/\/hoyez.local\/pl\/solutions\/scianki-przemyslowe\/scianka-przemyslowa-h9\/\" target=\"_blank\" rel=\"noopener noreferrer\">H9 Industrielle\u00a0<\/a><\/li>\n<\/ul>\n<p>[\/vc_column_text][\/vc_column][\/vc_row][vc_row][vc_column][myo_solutions titre=&#8221;Odkryj nasze produkty&#8221;][\/vc_column][\/vc_row]<\/p>\n<\/section>","protected":false},"excerpt":{"rendered":"<p style=\"text-align: center\">Nasze produkty zosta\u0142y zaplanowane i zaprojektowane tak, aby gwarantowa\u0107 estetyczne rozwi\u0105zania techniczne, zapewniaj\u0105ce optymalne bezpiecze\u0144stwo podczas monta\u017cu i u\u017cywania.<\/p>\n","protected":false},"author":1,"featured_media":0,"parent":0,"menu_order":0,"comment_status":"closed","ping_status":"closed","template":"","meta":{"_acf_changed":false,"footnotes":""},"class_list":["post-1592","page","type-page","status-publish","hentry"],"acf":[],"yoast_head":"<!-- This site is optimized with the Yoast SEO plugin v27.5 - https:\/\/yoast.com\/product\/yoast-seo-wordpress\/ -->\n<title>Certyfikaty - Hoyez PartitionSystems<\/title>\n<meta name=\"robots\" content=\"index, follow, max-snippet:-1, max-image-preview:large, max-video-preview:-1\" \/>\n<link rel=\"canonical\" href=\"https:\/\/www.hoyez.com\/certifications\/\" \/>\n<meta property=\"og:locale\" content=\"pl_PL\" \/>\n<meta property=\"og:type\" content=\"article\" \/>\n<meta property=\"og:title\" content=\"Certyfikaty - Hoyez PartitionSystems\" \/>\n<meta property=\"og:description\" content=\"Nasze produkty zosta\u0142y zaplanowane i zaprojektowane tak, aby gwarantowa\u0107 estetyczne rozwi\u0105zania techniczne, zapewniaj\u0105ce optymalne bezpiecze\u0144stwo podczas monta\u017cu i u\u017cywania.\" \/>\n<meta property=\"og:url\" content=\"https:\/\/www.hoyez.com\/certifications\/\" \/>\n<meta property=\"og:site_name\" content=\"Hoyez PartitionSystems\" \/>\n<meta property=\"article:modified_time\" content=\"2021-12-16T15:51:01+00:00\" \/>\n<meta name=\"twitter:card\" content=\"summary_large_image\" \/>\n<meta name=\"twitter:label1\" content=\"Szacowany czas czytania\" \/>\n\t<meta name=\"twitter:data1\" content=\"1 minuta\" \/>\n<script type=\"application\/ld+json\" class=\"yoast-schema-graph\">{\"@context\":\"https:\\\/\\\/schema.org\",\"@graph\":[{\"@type\":\"WebPage\",\"@id\":\"https:\\\/\\\/www.hoyez.com\\\/certifications\\\/\",\"url\":\"https:\\\/\\\/www.hoyez.com\\\/certifications\\\/\",\"name\":\"Certyfikaty - Hoyez PartitionSystems\",\"isPartOf\":{\"@id\":\"https:\\\/\\\/www.hoyez.com\\\/#website\"},\"datePublished\":\"2017-03-14T12:22:37+00:00\",\"dateModified\":\"2021-12-16T15:51:01+00:00\",\"breadcrumb\":{\"@id\":\"https:\\\/\\\/www.hoyez.com\\\/certifications\\\/#breadcrumb\"},\"inLanguage\":\"pl-PL\",\"potentialAction\":[{\"@type\":\"ReadAction\",\"target\":[\"https:\\\/\\\/www.hoyez.com\\\/certifications\\\/\"]}]},{\"@type\":\"BreadcrumbList\",\"@id\":\"https:\\\/\\\/www.hoyez.com\\\/certifications\\\/#breadcrumb\",\"itemListElement\":[{\"@type\":\"ListItem\",\"position\":1,\"name\":\"Accueil\",\"item\":\"https:\\\/\\\/www.hoyez.com\\\/pl\\\/\"},{\"@type\":\"ListItem\",\"position\":2,\"name\":\"Certyfikaty\"}]},{\"@type\":\"WebSite\",\"@id\":\"https:\\\/\\\/www.hoyez.com\\\/#website\",\"url\":\"https:\\\/\\\/www.hoyez.com\\\/\",\"name\":\"Hoyez PartitionSystems\",\"description\":\"Designer of living spaces\",\"publisher\":{\"@id\":\"https:\\\/\\\/www.hoyez.com\\\/#organization\"},\"potentialAction\":[{\"@type\":\"SearchAction\",\"target\":{\"@type\":\"EntryPoint\",\"urlTemplate\":\"https:\\\/\\\/www.hoyez.com\\\/?s={search_term_string}\"},\"query-input\":{\"@type\":\"PropertyValueSpecification\",\"valueRequired\":true,\"valueName\":\"search_term_string\"}}],\"inLanguage\":\"pl-PL\"},{\"@type\":\"Organization\",\"@id\":\"https:\\\/\\\/www.hoyez.com\\\/#organization\",\"name\":\"hOyez PartitionSystems\",\"url\":\"https:\\\/\\\/www.hoyez.com\\\/\",\"logo\":{\"@type\":\"ImageObject\",\"inLanguage\":\"pl-PL\",\"@id\":\"https:\\\/\\\/www.hoyez.com\\\/#\\\/schema\\\/logo\\\/image\\\/\",\"url\":\"http:\\\/\\\/hoyez.local\\\/wp-content\\\/uploads\\\/2017\\\/03\\\/logo-hoyez-carre.jpg\",\"contentUrl\":\"http:\\\/\\\/hoyez.local\\\/wp-content\\\/uploads\\\/2017\\\/03\\\/logo-hoyez-carre.jpg\",\"width\":400,\"height\":474,\"caption\":\"hOyez PartitionSystems\"},\"image\":{\"@id\":\"https:\\\/\\\/www.hoyez.com\\\/#\\\/schema\\\/logo\\\/image\\\/\"}}]}<\/script>\n<!-- \/ Yoast SEO plugin. -->","yoast_head_json":{"title":"Certyfikaty - Hoyez PartitionSystems","robots":{"index":"index","follow":"follow","max-snippet":"max-snippet:-1","max-image-preview":"max-image-preview:large","max-video-preview":"max-video-preview:-1"},"canonical":"https:\/\/www.hoyez.com\/certifications\/","og_locale":"pl_PL","og_type":"article","og_title":"Certyfikaty - Hoyez PartitionSystems","og_description":"Nasze produkty zosta\u0142y zaplanowane i zaprojektowane tak, aby gwarantowa\u0107 estetyczne rozwi\u0105zania techniczne, zapewniaj\u0105ce optymalne bezpiecze\u0144stwo podczas monta\u017cu i u\u017cywania.","og_url":"https:\/\/www.hoyez.com\/certifications\/","og_site_name":"Hoyez PartitionSystems","article_modified_time":"2021-12-16T15:51:01+00:00","twitter_card":"summary_large_image","twitter_misc":{"Szacowany czas czytania":"1 minuta"},"schema":{"@context":"https:\/\/schema.org","@graph":[{"@type":"WebPage","@id":"https:\/\/www.hoyez.com\/certifications\/","url":"https:\/\/www.hoyez.com\/certifications\/","name":"Certyfikaty - Hoyez PartitionSystems","isPartOf":{"@id":"https:\/\/www.hoyez.com\/#website"},"datePublished":"2017-03-14T12:22:37+00:00","dateModified":"2021-12-16T15:51:01+00:00","breadcrumb":{"@id":"https:\/\/www.hoyez.com\/certifications\/#breadcrumb"},"inLanguage":"pl-PL","potentialAction":[{"@type":"ReadAction","target":["https:\/\/www.hoyez.com\/certifications\/"]}]},{"@type":"BreadcrumbList","@id":"https:\/\/www.hoyez.com\/certifications\/#breadcrumb","itemListElement":[{"@type":"ListItem","position":1,"name":"Accueil","item":"https:\/\/www.hoyez.com\/pl\/"},{"@type":"ListItem","position":2,"name":"Certyfikaty"}]},{"@type":"WebSite","@id":"https:\/\/www.hoyez.com\/#website","url":"https:\/\/www.hoyez.com\/","name":"Hoyez PartitionSystems","description":"Designer of living spaces","publisher":{"@id":"https:\/\/www.hoyez.com\/#organization"},"potentialAction":[{"@type":"SearchAction","target":{"@type":"EntryPoint","urlTemplate":"https:\/\/www.hoyez.com\/?s={search_term_string}"},"query-input":{"@type":"PropertyValueSpecification","valueRequired":true,"valueName":"search_term_string"}}],"inLanguage":"pl-PL"},{"@type":"Organization","@id":"https:\/\/www.hoyez.com\/#organization","name":"hOyez PartitionSystems","url":"https:\/\/www.hoyez.com\/","logo":{"@type":"ImageObject","inLanguage":"pl-PL","@id":"https:\/\/www.hoyez.com\/#\/schema\/logo\/image\/","url":"http:\/\/hoyez.local\/wp-content\/uploads\/2017\/03\/logo-hoyez-carre.jpg","contentUrl":"http:\/\/hoyez.local\/wp-content\/uploads\/2017\/03\/logo-hoyez-carre.jpg","width":400,"height":474,"caption":"hOyez PartitionSystems"},"image":{"@id":"https:\/\/www.hoyez.com\/#\/schema\/logo\/image\/"}}]}},"_links":{"self":[{"href":"https:\/\/www.hoyez.com\/pl\/wp-json\/wp\/v2\/pages\/1592","targetHints":{"allow":["GET"]}}],"collection":[{"href":"https:\/\/www.hoyez.com\/pl\/wp-json\/wp\/v2\/pages"}],"about":[{"href":"https:\/\/www.hoyez.com\/pl\/wp-json\/wp\/v2\/types\/page"}],"author":[{"embeddable":true,"href":"https:\/\/www.hoyez.com\/pl\/wp-json\/wp\/v2\/users\/1"}],"replies":[{"embeddable":true,"href":"https:\/\/www.hoyez.com\/pl\/wp-json\/wp\/v2\/comments?post=1592"}],"version-history":[{"count":21,"href":"https:\/\/www.hoyez.com\/pl\/wp-json\/wp\/v2\/pages\/1592\/revisions"}],"predecessor-version":[{"id":230356,"href":"https:\/\/www.hoyez.com\/pl\/wp-json\/wp\/v2\/pages\/1592\/revisions\/230356"}],"wp:attachment":[{"href":"https:\/\/www.hoyez.com\/pl\/wp-json\/wp\/v2\/media?parent=1592"}],"curies":[{"name":"wp","href":"https:\/\/api.w.org\/{rel}","templated":true}]}}